{"id":416,"date":"2023-12-16T12:25:23","date_gmt":"2023-12-16T12:25:23","guid":{"rendered":"https:\/\/lovaslana.eu\/?post_type=product&#038;p=416"},"modified":"2023-12-16T12:26:50","modified_gmt":"2023-12-16T12:26:50","slug":"lovas-lana-szerelmes-vagyok-beled-e-book-mobi","status":"publish","type":"product","link":"https:\/\/lovaslana.eu\/?product=lovas-lana-szerelmes-vagyok-beled-e-book-mobi","title":{"rendered":"Lovas Lana: Szerelmes vagyok bel\u00e9d E-Book (.MOBI)"},"content":{"rendered":"<p><img fetchpriority=\"high\" decoding=\"async\" class=\"alignnone size-medium wp-image-412\" src=\"https:\/\/lovaslana.eu\/wp-content\/uploads\/2023\/12\/382743255_238865595838592_5325121470226907612_n-300x300.jpg\" alt=\"\" width=\"300\" height=\"300\" srcset=\"https:\/\/lovaslana.eu\/wp-content\/uploads\/2023\/12\/382743255_238865595838592_5325121470226907612_n-300x300.jpg 300w, https:\/\/lovaslana.eu\/wp-content\/uploads\/2023\/12\/382743255_238865595838592_5325121470226907612_n-168x168.jpg 168w, https:\/\/lovaslana.eu\/wp-content\/uploads\/2023\/12\/382743255_238865595838592_5325121470226907612_n-100x100.jpg 100w, https:\/\/lovaslana.eu\/wp-content\/uploads\/2023\/12\/382743255_238865595838592_5325121470226907612_n-250x250.jpg 250w, https:\/\/lovaslana.eu\/wp-content\/uploads\/2023\/12\/382743255_238865595838592_5325121470226907612_n-1024x1024.jpg 1024w, https:\/\/lovaslana.eu\/wp-content\/uploads\/2023\/12\/382743255_238865595838592_5325121470226907612_n-150x150.jpg 150w, https:\/\/lovaslana.eu\/wp-content\/uploads\/2023\/12\/382743255_238865595838592_5325121470226907612_n-768x768.jpg 768w, https:\/\/lovaslana.eu\/wp-content\/uploads\/2023\/12\/382743255_238865595838592_5325121470226907612_n.jpg 1080w\" sizes=\"(max-width: 300px) 100vw, 300px\" \/> <img decoding=\"async\" class=\"alignnone size-medium wp-image-413\" src=\"https:\/\/lovaslana.eu\/wp-content\/uploads\/2023\/12\/lana-kep-300x300.jpg\" alt=\"\" width=\"300\" height=\"300\" srcset=\"https:\/\/lovaslana.eu\/wp-content\/uploads\/2023\/12\/lana-kep-300x300.jpg 300w, https:\/\/lovaslana.eu\/wp-content\/uploads\/2023\/12\/lana-kep-168x168.jpg 168w, https:\/\/lovaslana.eu\/wp-content\/uploads\/2023\/12\/lana-kep-100x100.jpg 100w, https:\/\/lovaslana.eu\/wp-content\/uploads\/2023\/12\/lana-kep-250x250.jpg 250w, https:\/\/lovaslana.eu\/wp-content\/uploads\/2023\/12\/lana-kep-1024x1022.jpg 1024w, https:\/\/lovaslana.eu\/wp-content\/uploads\/2023\/12\/lana-kep-150x150.jpg 150w, https:\/\/lovaslana.eu\/wp-content\/uploads\/2023\/12\/lana-kep-768x767.jpg 768w, https:\/\/lovaslana.eu\/wp-content\/uploads\/2023\/12\/lana-kep.jpg 1201w\" sizes=\"(max-width: 300px) 100vw, 300px\" \/><\/p>\n","protected":false},"excerpt":{"rendered":"<p>Eszter \u00e9s Attila t\u00f6rt\u00e9nete egy, internetes szexpartnerkeres\u0151 port\u00e1lon kezd\u0151dik, ahol egy\u00fctt, k\u00e9z a k\u00e9zben \u00fclnek fel a megsemmis\u00edt\u0151 szerelem \u0151r\u00fcletes hull\u00e1mvas\u00fatj\u00e1ra. Titkos viszonyuk egy olyan szenved\u00e9lyesen izgalmas, lavinaszer\u0171 szerelemm\u00e9 alakul, amit mindenki k\u00edv\u00e1n mag\u00e1nak.<\/p>\n","protected":false},"featured_media":414,"template":"","meta":[],"product_brand":[],"product_cat":[23],"product_tag":[],"class_list":{"0":"post-416","1":"product","2":"type-product","3":"status-publish","4":"has-post-thumbnail","6":"product_cat-e-book","8":"first","9":"instock","10":"virtual","11":"taxable","12":"purchasable","13":"product-type-simple"},"_links":{"self":[{"href":"https:\/\/lovaslana.eu\/index.php?rest_route=\/wp\/v2\/product\/416","targetHints":{"allow":["GET"]}}],"collection":[{"href":"https:\/\/lovaslana.eu\/index.php?rest_route=\/wp\/v2\/product"}],"about":[{"href":"https:\/\/lovaslana.eu\/index.php?rest_route=\/wp\/v2\/types\/product"}],"version-history":[{"count":0,"href":"https:\/\/lovaslana.eu\/index.php?rest_route=\/wp\/v2\/product\/416\/revisions"}],"wp:featuredmedia":[{"embeddable":true,"href":"https:\/\/lovaslana.eu\/index.php?rest_route=\/wp\/v2\/media\/414"}],"wp:attachment":[{"href":"https:\/\/lovaslana.eu\/index.php?rest_route=%2Fwp%2Fv2%2Fmedia&parent=416"}],"wp:term":[{"taxonomy":"product_brand","embeddable":true,"href":"https:\/\/lovaslana.eu\/index.php?rest_route=%2Fwp%2Fv2%2Fproduct_brand&post=416"},{"taxonomy":"product_cat","embeddable":true,"href":"https:\/\/lovaslana.eu\/index.php?rest_route=%2Fwp%2Fv2%2Fproduct_cat&post=416"},{"taxonomy":"product_tag","embeddable":true,"href":"https:\/\/lovaslana.eu\/index.php?rest_route=%2Fwp%2Fv2%2Fproduct_tag&post=416"}],"curies":[{"name":"wp","href":"https:\/\/api.w.org\/{rel}","templated":true}]}}