{"id":2176,"date":"2024-05-08T08:01:07","date_gmt":"2024-05-08T08:01:07","guid":{"rendered":"https:\/\/lovaslana.eu\/?post_type=product&#038;p=2176"},"modified":"2024-05-11T12:37:18","modified_gmt":"2024-05-11T12:37:18","slug":"lovas-lana-szerelmes-voltam-beled-epub","status":"publish","type":"product","link":"https:\/\/lovaslana.eu\/?product=lovas-lana-szerelmes-voltam-beled-epub","title":{"rendered":"Lovas Lana: Szerelmes voltam bel\u00e9d EPUB"},"content":{"rendered":"\t\t<div data-elementor-type=\"wp-post\" data-elementor-id=\"2176\" class=\"elementor elementor-2176\">\n\t\t\t\t<div class=\"elementor-element elementor-element-3486a0ff e-flex e-con-boxed e-con e-parent\" data-id=\"3486a0ff\" data-element_type=\"container\">\n\t\t\t\t\t<div class=\"e-con-inner\">\n\t\t\t\t<div class=\"elementor-element elementor-element-06c8e22 elementor-button-warning elementor-align-center elementor-widget elementor-widget-button\" data-id=\"06c8e22\" data-element_type=\"widget\" data-widget_type=\"button.default\">\n\t\t\t\t<div class=\"elementor-widget-container\">\n\t\t\t\t\t\t\t\t\t<div class=\"elementor-button-wrapper\">\n\t\t\t\t\t<a class=\"elementor-button elementor-button-link elementor-size-sm\" href=\"\">\n\t\t\t\t\t\t<span class=\"elementor-button-content-wrapper\">\n\t\t\t\t\t\t\t\t\t<span class=\"elementor-button-text\">Megrendel\u00e9s<\/span>\n\t\t\t\t\t<\/span>\n\t\t\t\t\t<\/a>\n\t\t\t\t<\/div>\n\t\t\t\t\t\t\t\t<\/div>\n\t\t\t\t<\/div>\n\t\t\t\t<div class=\"elementor-element elementor-element-4e5c1e4 elementor-align-center elementor-widget elementor-widget-button\" data-id=\"4e5c1e4\" data-element_type=\"widget\" data-widget_type=\"button.default\">\n\t\t\t\t<div class=\"elementor-widget-container\">\n\t\t\t\t\t\t\t\t\t<div class=\"elementor-button-wrapper\">\n\t\t\t\t\t<a class=\"elementor-button elementor-button-link elementor-size-sm\" href=\"\">\n\t\t\t\t\t\t<span class=\"elementor-button-content-wrapper\">\n\t\t\t\t\t\t\t\t\t<span class=\"elementor-button-text\">Szerelmes voltam bel\u00e9d megrendel\u00e9se<\/span>\n\t\t\t\t\t<\/span>\n\t\t\t\t\t<\/a>\n\t\t\t\t<\/div>\n\t\t\t\t\t\t\t\t<\/div>\n\t\t\t\t<\/div>\n\t\t\t\t<div class=\"elementor-element elementor-element-79357cea elementor-widget elementor-widget-text-editor\" data-id=\"79357cea\" data-element_type=\"widget\" data-widget_type=\"text-editor.default\">\n\t\t\t\t<div class=\"elementor-widget-container\">\n\t\t\t\t\t\t\t\t\t<div class=\"woocommerce-product-details__short-description\"><p>Egy<strong>\u00a0kis \u00edzel\u00edt\u0151, hogyan folytat\u00f3dik a j\u00f3 szerelmi t\u00f6rt\u00e9net:<\/strong><\/p><div dir=\"auto\"><p>\u00a0<\/p><p><a href=\"https:\/\/lovaslana.eu\/?page_id=101\"><img fetchpriority=\"high\" decoding=\"async\" class=\"alignleft wp-image-1834 size-medium\" style=\"letter-spacing: 2.8px;\" src=\"https:\/\/lovaslana.eu\/wp-content\/uploads\/2024\/02\/signal-2024-04-14-18-56-56-199-204x300.jpg\" alt=\"\" width=\"204\" height=\"300\" srcset=\"https:\/\/lovaslana.eu\/wp-content\/uploads\/2024\/02\/signal-2024-04-14-18-56-56-199-204x300.jpg 204w, https:\/\/lovaslana.eu\/wp-content\/uploads\/2024\/02\/signal-2024-04-14-18-56-56-199-168x247.jpg 168w, https:\/\/lovaslana.eu\/wp-content\/uploads\/2024\/02\/signal-2024-04-14-18-56-56-199-250x367.jpg 250w, https:\/\/lovaslana.eu\/wp-content\/uploads\/2024\/02\/signal-2024-04-14-18-56-56-199.jpg 467w\" sizes=\"(max-width: 204px) 100vw, 204px\" \/><\/a><\/p><p><span style=\"letter-spacing: 2.8px;\">Alapvet\u0151en (hagyom\u00e1nyos \u00e9rtelemben) a n\u0151 \u00e9s a f\u00e9rfi tal\u00e1lkoznak, randizgatnak, egym\u00e1sra tal\u00e1lnak. M\u0171k\u00f6dik a k\u00e9mia, \u00edgy h\u00e1t boldogan szerelembe esnek. Azonban a r\u00f3zsasz\u00edn k\u00f6d hamarosan felsz\u00e1ll, elm\u00falnak a nagy, heves, szenved\u00e9lyes t\u00f6rt\u00e9n\u00e9sek, lecsillapodnak a ked\u00e9lyek.\u00a0<\/span><span style=\"font-family: var( --e-global-typography-text-font-family ), Sans-serif; font-weight: var( --e-global-typography-text-font-weight ); letter-spacing: 2.8px; text-align: var(--text-align);\">Lassan odalesz az izgalom, a fordulat, a romantika. Nem l\u00e1tunk bele tov\u00e1bb a kapcsolatba, nem is \u00e9rdekel senkit, hiszen ez m\u00e1r unalmas.\u00a0Ezek a sz\u00edntelen h\u00e9tk\u00f6znapok, a monoton m\u00f3kusker\u00e9k, ami mindenkinek megvan, \u00e1t\u00e9lt, \u00e1t\u00e9l \u00e9ppen, err\u0151l minek olvasni?<\/span><\/p><h3><span style=\"color: #000000; font-weight: 400; letter-spacing: 2.8px;\">Ezzel szemben hogyan alakult Eszter \u00e9s Attila szerelmi t\u00f6rt\u00e9nete?<\/span><\/h3><\/div><div dir=\"auto\">Tudjuk, hogy az \u0151 t\u00f6rt\u00e9net\u00fck nem hagyom\u00e1nyos, \u00edgy logikusan v\u00e1rhat\u00f3, hogy a folytat\u00e1s, \u00e9s a befejez\u00e9s sem lesz megszokott. Kider\u00fcl, hogy ez a titkos viszony egy karmikus kapcsolat, egy \u0151r\u00fclt szerelem, egy k\u00e1ros k\u00f6tel\u00e9k.<\/div><div dir=\"auto\">Lehet, hogy v\u00e9g\u00fcl csak f\u00e1jdalom, k\u00f6nnyek, v\u00e9rz\u0151, gennyes \u00e9s fert\u0151z\u0151 sebek maradnak eml\u00e9k\u00fcl?<\/div><div dir=\"auto\">Nem, dehogy! Illetve van, akinek igen.<\/div><div dir=\"auto\">\u00a0 \u00a0 \u00a0 Mert akik a mocsokban tal\u00e1lkoztak, a szennyben kerest\u00e9k a boldogs\u00e1got, \u00e9s r\u00e1tal\u00e1ltak a szerelemre, hi\u00e1ba szerettek bele a val\u00f3dinak hitt Eszterbe \u00e9s Attil\u00e1ba, beleragadtak a s\u00e1rba, amibe, ha nem akarnak belefulladni, akkor egym\u00e1sra kell dob\u00e1lniuk, hiszen a t\u00fal\u00e9l\u00e9s\u00e9rt harcolnak.<\/div><div dir=\"auto\">Ez a t\u00f6rt\u00e9net m\u00e9g izgalmasabb, m\u00e9g \u00e9rdekesebb, m\u00e9g fordulatosabb lett. A romantika v\u00e9res k\u00fczdelemm\u00e9 alakul, mert a sz\u00edv, ha t\u00f6rik v\u00e9rzik, a l\u00e9lek, ha szakad, el\u00e9gt\u00e9tel\u00e9rt ki\u00e1lt. \u00c9s vannak olyan n\u0151k \u00e9s f\u00e9rfiak, akikkel nem \u00e9rdemes j\u00e1tszadozni. L\u00e1ssuk ebben a t\u00f6rt\u00e9netben ki lesz az, aki angyalarc\u00fa szerelmesb\u0151l v\u00e9rszomjas \u00e1mokfut\u00f3v\u00e1 v\u00e1lik.<\/div><div dir=\"auto\">\u00a0 \u00a0 \u00a0 Ha valakivel szenved\u00e9lyes \u00e9s viharos a viszonyod, er\u0151s \u00e9rzelmi sz\u00e1lak k\u00f6tnek \u00f6ssze, akkor elk\u00e9pzelhet\u0151, hogy el\u0151z\u0151 \u00e9letb\u0151l maradt tartoz\u00e1st kell megadnotok egym\u00e1snak, \u00e9s valamilyen fejl\u0151d\u00e9si, tanul\u00e1si lehet\u0151s\u00e9g rejlik a kapcsolatban. M\u00e1r ha hisz\u00fcnk az ilyenekben. Kider\u00fcl itt is, hogy ki \u00e9s mit tanult, miben fejl\u0151d\u00f6tt a cunami s\u00fajtotta ter\u00fcleten.<\/div><div dir=\"auto\"><span style=\"font-size: 16px; letter-spacing: 2.8px;\">\u00a0<\/span><\/div><\/div>\t\t\t\t\t\t\t\t<\/div>\n\t\t\t\t<\/div>\n\t\t\t\t\t<\/div>\n\t\t\t\t<\/div>\n\t\t\t\t<\/div>\n\t\t","protected":false},"excerpt":{"rendered":"<p>A\u00a0 term\u00e9ket, a v\u00e9tel\u00e1r be\u00e9rkez\u00e9se ut\u00e1n, E-mailben k\u00fcldj\u00fck, a sz\u00e1ml\u00e1val egy\u00fctt.<\/p>\n","protected":false},"featured_media":1834,"template":"","meta":[],"product_brand":[],"product_cat":[23],"product_tag":[],"class_list":{"0":"post-2176","1":"product","2":"type-product","3":"status-publish","4":"has-post-thumbnail","6":"product_cat-e-book","8":"first","9":"instock","10":"virtual","11":"taxable","12":"purchasable","13":"product-type-simple"},"_links":{"self":[{"href":"https:\/\/lovaslana.eu\/index.php?rest_route=\/wp\/v2\/product\/2176","targetHints":{"allow":["GET"]}}],"collection":[{"href":"https:\/\/lovaslana.eu\/index.php?rest_route=\/wp\/v2\/product"}],"about":[{"href":"https:\/\/lovaslana.eu\/index.php?rest_route=\/wp\/v2\/types\/product"}],"version-history":[{"count":12,"href":"https:\/\/lovaslana.eu\/index.php?rest_route=\/wp\/v2\/product\/2176\/revisions"}],"predecessor-version":[{"id":2259,"href":"https:\/\/lovaslana.eu\/index.php?rest_route=\/wp\/v2\/product\/2176\/revisions\/2259"}],"wp:featuredmedia":[{"embeddable":true,"href":"https:\/\/lovaslana.eu\/index.php?rest_route=\/wp\/v2\/media\/1834"}],"wp:attachment":[{"href":"https:\/\/lovaslana.eu\/index.php?rest_route=%2Fwp%2Fv2%2Fmedia&parent=2176"}],"wp:term":[{"taxonomy":"product_brand","embeddable":true,"href":"https:\/\/lovaslana.eu\/index.php?rest_route=%2Fwp%2Fv2%2Fproduct_brand&post=2176"},{"taxonomy":"product_cat","embeddable":true,"href":"https:\/\/lovaslana.eu\/index.php?rest_route=%2Fwp%2Fv2%2Fproduct_cat&post=2176"},{"taxonomy":"product_tag","embeddable":true,"href":"https:\/\/lovaslana.eu\/index.php?rest_route=%2Fwp%2Fv2%2Fproduct_tag&post=2176"}],"curies":[{"name":"wp","href":"https:\/\/api.w.org\/{rel}","templated":true}]}}